{"id":255,"date":"2022-07-11T10:08:47","date_gmt":"2022-07-11T10:08:47","guid":{"rendered":"https:\/\/www.ssantalya.com.tr\/home-2\/"},"modified":"2024-07-25T15:39:29","modified_gmt":"2024-07-25T12:39:29","slug":"projeler","status":"publish","type":"page","link":"https:\/\/ssantalya.com.tr\/?page_id=255","title":{"rendered":"Projeler"},"content":{"rendered":"\t\t<div data-elementor-type=\"wp-page\" data-elementor-id=\"255\" class=\"elementor elementor-255\" data-elementor-post-type=\"page\">\n\t\t\t\t\t\t<section class=\"elementor-section elementor-top-section elementor-element elementor-element-af183ce elementor-section-height-min-height elementor-section-boxed elementor-section-height-default elementor-section-items-middle\" data-id=\"af183ce\" data-element_type=\"section\" data-settings=\"{&quot;background_background&quot;:&quot;classic&quot;}\">\n\t\t\t\t\t\t\t<div class=\"elementor-background-overlay\"><\/div>\n\t\t\t\t\t\t\t<div class=\"elementor-container elementor-column-gap-no\">\n\t\t\t\t\t<div class=\"elementor-column elementor-col-100 elementor-top-column elementor-element elementor-element-0137285\" data-id=\"0137285\" data-element_type=\"column\">\n\t\t\t<div class=\"elementor-widget-wrap elementor-element-populated\">\n\t\t\t\t\t\t<div class=\"elementor-element elementor-element-9086dc7 elementor-widget elementor-widget-heading\" data-id=\"9086dc7\" data-element_type=\"widget\" data-widget_type=\"heading.default\">\n\t\t\t\t<div class=\"elementor-widget-container\">\n\t\t\t\t\t<h1 class=\"elementor-heading-title elementor-size-default\">Projeler<\/h1>\t\t\t\t<\/div>\n\t\t\t\t<\/div>\n\t\t\t\t\t<\/div>\n\t\t<\/div>\n\t\t\t\t\t<\/div>\n\t\t<\/section>\n\t\t<div class=\"elementor-element elementor-element-42ce5fa e-flex e-con-boxed e-con e-parent\" data-id=\"42ce5fa\" data-element_type=\"container\">\n\t\t\t\t\t<div class=\"e-con-inner\">\n\t\t<div class=\"elementor-element elementor-element-cec2a9f e-con-full e-flex e-con e-child\" data-id=\"cec2a9f\" data-element_type=\"container\">\n\t\t\t\t<div class=\"elementor-element elementor-element-ebd15fc elementor-widget elementor-widget-heading\" data-id=\"ebd15fc\" data-element_type=\"widget\" data-widget_type=\"heading.default\">\n\t\t\t\t<div class=\"elementor-widget-container\">\n\t\t\t\t\t<h6 class=\"elementor-heading-title elementor-size-default\">Projelerimiz<\/h6>\t\t\t\t<\/div>\n\t\t\t\t<\/div>\n\t\t\t\t<\/div>\n\t\t<div class=\"elementor-element elementor-element-713d523 e-con-full e-flex e-con e-child\" data-id=\"713d523\" data-element_type=\"container\">\n\t\t\t\t<div class=\"elementor-element elementor-element-467bf12 elementor-widget elementor-widget-heading\" data-id=\"467bf12\" data-element_type=\"widget\" data-widget_type=\"heading.default\">\n\t\t\t\t<div class=\"elementor-widget-container\">\n\t\t\t\t\t<h2 class=\"elementor-heading-title elementor-size-default\"><h4 data-elementor-setting-key=\"title\" data-pen-placeholder=\"Buraya Yaz\u0131n...\" style=\"font-style: normal;\">Devam Eden Projelerimiz<\/h4><\/h2>\t\t\t\t<\/div>\n\t\t\t\t<\/div>\n\t\t\t\t<div class=\"elementor-element elementor-element-2ca475f elementor-widget elementor-widget-text-editor\" data-id=\"2ca475f\" data-element_type=\"widget\" data-widget_type=\"text-editor.default\">\n\t\t\t\t<div class=\"elementor-widget-container\">\n\t\t\t\t\t\t\t\t\t<p>2 .etap in\u015faatlar\u0131m\u0131z tamamlanmaya devam ediyor. 32 adet depodan 2 tanesini tamamlad\u0131k 10 adeti ise \u00e7ok k\u0131sa s\u00fcrede tamamlanm\u0131\u015f olacakt\u0131r. geri kalan 22 adedin in\u015faat\u0131na devam etmekteyiz<\/p>\t\t\t\t\t\t\t\t<\/div>\n\t\t\t\t<\/div>\n\t\t\t\t<\/div>\n\t\t\t\t\t<\/div>\n\t\t\t\t<\/div>\n\t\t<div class=\"elementor-element elementor-element-c8b5df9 e-flex e-con-boxed e-con e-parent\" data-id=\"c8b5df9\" data-element_type=\"container\">\n\t\t\t\t\t<div class=\"e-con-inner\">\n\t\t\t\t<div class=\"elementor-element elementor-element-3d612c8 elementor-widget elementor-widget-gallery\" data-id=\"3d612c8\" data-element_type=\"widget\" data-settings=\"{&quot;lazyload&quot;:&quot;yes&quot;,&quot;gallery_layout&quot;:&quot;grid&quot;,&quot;columns&quot;:4,&quot;columns_tablet&quot;:2,&quot;columns_mobile&quot;:1,&quot;gap&quot;:{&quot;unit&quot;:&quot;px&quot;,&quot;size&quot;:10,&quot;sizes&quot;:[]},&quot;gap_tablet&quot;:{&quot;unit&quot;:&quot;px&quot;,&quot;size&quot;:10,&quot;sizes&quot;:[]},&quot;gap_mobile&quot;:{&quot;unit&quot;:&quot;px&quot;,&quot;size&quot;:10,&quot;sizes&quot;:[]},&quot;link_to&quot;:&quot;file&quot;,&quot;aspect_ratio&quot;:&quot;3:2&quot;,&quot;overlay_background&quot;:&quot;yes&quot;,&quot;content_hover_animation&quot;:&quot;fade-in&quot;}\" data-widget_type=\"gallery.default\">\n\t\t\t\t<div class=\"elementor-widget-container\">\n\t\t\t\t\t\t\t<div class=\"elementor-gallery__container\">\n\t\t\t\t\t\t\t<a class=\"e-gallery-item elementor-gallery-item elementor-animated-content\" href=\"https:\/\/ssantalya.com.tr\/wp-content\/uploads\/2024\/07\/WhatsApp-Image-2024-04-18-at-13.44.41-1.jpeg\" data-elementor-open-lightbox=\"yes\" data-elementor-lightbox-slideshow=\"3d612c8\" data-elementor-lightbox-title=\"WhatsApp Image 2024-04-18 at 13.44.41 (1)\" data-e-action-hash=\"#elementor-action%3Aaction%3Dlightbox%26settings%3DeyJpZCI6MzAwMiwidXJsIjoiaHR0cHM6XC9cL3NzYW50YWx5YS5jb20udHJcL3dwLWNvbnRlbnRcL3VwbG9hZHNcLzIwMjRcLzA3XC9XaGF0c0FwcC1JbWFnZS0yMDI0LTA0LTE4LWF0LTEzLjQ0LjQxLTEuanBlZyIsInNsaWRlc2hvdyI6IjNkNjEyYzgifQ%3D%3D\">\n\t\t\t\t\t<div class=\"e-gallery-image elementor-gallery-item__image\" data-thumbnail=\"https:\/\/ssantalya.com.tr\/wp-content\/uploads\/2024\/07\/WhatsApp-Image-2024-04-18-at-13.44.41-1-225x300.jpeg\" data-width=\"225\" data-height=\"300\" aria-label=\"\" role=\"img\" ><\/div>\n\t\t\t\t\t\t\t\t\t\t\t<div class=\"elementor-gallery-item__overlay\"><\/div>\n\t\t\t\t\t\t\t\t\t\t\t\t\t\t<\/a>\n\t\t\t\t\t\t\t<a class=\"e-gallery-item elementor-gallery-item elementor-animated-content\" href=\"https:\/\/ssantalya.com.tr\/wp-content\/uploads\/2024\/07\/WhatsApp-Image-2024-04-18-at-13.44.46.jpeg\" data-elementor-open-lightbox=\"yes\" data-elementor-lightbox-slideshow=\"3d612c8\" data-elementor-lightbox-title=\"WhatsApp Image 2024-04-18 at 13.44.46\" data-e-action-hash=\"#elementor-action%3Aaction%3Dlightbox%26settings%3DeyJpZCI6MzAwMywidXJsIjoiaHR0cHM6XC9cL3NzYW50YWx5YS5jb20udHJcL3dwLWNvbnRlbnRcL3VwbG9hZHNcLzIwMjRcLzA3XC9XaGF0c0FwcC1JbWFnZS0yMDI0LTA0LTE4LWF0LTEzLjQ0LjQ2LmpwZWciLCJzbGlkZXNob3ciOiIzZDYxMmM4In0%3D\">\n\t\t\t\t\t<div class=\"e-gallery-image elementor-gallery-item__image\" data-thumbnail=\"https:\/\/ssantalya.com.tr\/wp-content\/uploads\/2024\/07\/WhatsApp-Image-2024-04-18-at-13.44.46.jpeg\" data-width=\"293\" data-height=\"220\" aria-label=\"\" role=\"img\" ><\/div>\n\t\t\t\t\t\t\t\t\t\t\t<div class=\"elementor-gallery-item__overlay\"><\/div>\n\t\t\t\t\t\t\t\t\t\t\t\t\t\t<\/a>\n\t\t\t\t\t\t\t<a class=\"e-gallery-item elementor-gallery-item elementor-animated-content\" href=\"https:\/\/ssantalya.com.tr\/wp-content\/uploads\/2024\/07\/WhatsApp-Image-2024-04-18-at-13.44.56.jpeg\" data-elementor-open-lightbox=\"yes\" data-elementor-lightbox-slideshow=\"3d612c8\" data-elementor-lightbox-title=\"WhatsApp Image 2024-04-18 at 13.44.56\" data-e-action-hash=\"#elementor-action%3Aaction%3Dlightbox%26settings%3DeyJpZCI6MzAwNCwidXJsIjoiaHR0cHM6XC9cL3NzYW50YWx5YS5jb20udHJcL3dwLWNvbnRlbnRcL3VwbG9hZHNcLzIwMjRcLzA3XC9XaGF0c0FwcC1JbWFnZS0yMDI0LTA0LTE4LWF0LTEzLjQ0LjU2LmpwZWciLCJzbGlkZXNob3ciOiIzZDYxMmM4In0%3D\">\n\t\t\t\t\t<div class=\"e-gallery-image elementor-gallery-item__image\" data-thumbnail=\"https:\/\/ssantalya.com.tr\/wp-content\/uploads\/2024\/07\/WhatsApp-Image-2024-04-18-at-13.44.56-300x225.jpeg\" data-width=\"300\" data-height=\"225\" aria-label=\"\" role=\"img\" ><\/div>\n\t\t\t\t\t\t\t\t\t\t\t<div class=\"elementor-gallery-item__overlay\"><\/div>\n\t\t\t\t\t\t\t\t\t\t\t\t\t\t<\/a>\n\t\t\t\t\t\t\t<a class=\"e-gallery-item elementor-gallery-item elementor-animated-content\" href=\"https:\/\/ssantalya.com.tr\/wp-content\/uploads\/2024\/07\/WhatsApp-Image-2024-04-18-at-13.45.11.jpeg\" data-elementor-open-lightbox=\"yes\" data-elementor-lightbox-slideshow=\"3d612c8\" data-elementor-lightbox-title=\"WhatsApp Image 2024-04-18 at 13.45.11\" data-e-action-hash=\"#elementor-action%3Aaction%3Dlightbox%26settings%3DeyJpZCI6MzAwNSwidXJsIjoiaHR0cHM6XC9cL3NzYW50YWx5YS5jb20udHJcL3dwLWNvbnRlbnRcL3VwbG9hZHNcLzIwMjRcLzA3XC9XaGF0c0FwcC1JbWFnZS0yMDI0LTA0LTE4LWF0LTEzLjQ1LjExLmpwZWciLCJzbGlkZXNob3ciOiIzZDYxMmM4In0%3D\">\n\t\t\t\t\t<div class=\"e-gallery-image elementor-gallery-item__image\" data-thumbnail=\"https:\/\/ssantalya.com.tr\/wp-content\/uploads\/2024\/07\/WhatsApp-Image-2024-04-18-at-13.45.11-300x135.jpeg\" data-width=\"300\" data-height=\"135\" aria-label=\"\" role=\"img\" ><\/div>\n\t\t\t\t\t\t\t\t\t\t\t<div class=\"elementor-gallery-item__overlay\"><\/div>\n\t\t\t\t\t\t\t\t\t\t\t\t\t\t<\/a>\n\t\t\t\t\t\t\t<a class=\"e-gallery-item elementor-gallery-item elementor-animated-content\" href=\"https:\/\/ssantalya.com.tr\/wp-content\/uploads\/2024\/07\/WhatsApp-Image-2024-04-18-at-13.46.31.jpeg\" data-elementor-open-lightbox=\"yes\" data-elementor-lightbox-slideshow=\"3d612c8\" data-elementor-lightbox-title=\"WhatsApp Image 2024-04-18 at 13.46.31\" data-e-action-hash=\"#elementor-action%3Aaction%3Dlightbox%26settings%3DeyJpZCI6MzAwNiwidXJsIjoiaHR0cHM6XC9cL3NzYW50YWx5YS5jb20udHJcL3dwLWNvbnRlbnRcL3VwbG9hZHNcLzIwMjRcLzA3XC9XaGF0c0FwcC1JbWFnZS0yMDI0LTA0LTE4LWF0LTEzLjQ2LjMxLmpwZWciLCJzbGlkZXNob3ciOiIzZDYxMmM4In0%3D\">\n\t\t\t\t\t<div class=\"e-gallery-image elementor-gallery-item__image\" data-thumbnail=\"https:\/\/ssantalya.com.tr\/wp-content\/uploads\/2024\/07\/WhatsApp-Image-2024-04-18-at-13.46.31-300x135.jpeg\" data-width=\"300\" data-height=\"135\" aria-label=\"\" role=\"img\" ><\/div>\n\t\t\t\t\t\t\t\t\t\t\t<div class=\"elementor-gallery-item__overlay\"><\/div>\n\t\t\t\t\t\t\t\t\t\t\t\t\t\t<\/a>\n\t\t\t\t\t\t\t<a class=\"e-gallery-item elementor-gallery-item elementor-animated-content\" href=\"https:\/\/ssantalya.com.tr\/wp-content\/uploads\/2024\/07\/WhatsApp-Image-2024-04-18-at-13.46.32.jpeg\" data-elementor-open-lightbox=\"yes\" data-elementor-lightbox-slideshow=\"3d612c8\" data-elementor-lightbox-title=\"WhatsApp Image 2024-04-18 at 13.46.32\" data-e-action-hash=\"#elementor-action%3Aaction%3Dlightbox%26settings%3DeyJpZCI6MzAwNywidXJsIjoiaHR0cHM6XC9cL3NzYW50YWx5YS5jb20udHJcL3dwLWNvbnRlbnRcL3VwbG9hZHNcLzIwMjRcLzA3XC9XaGF0c0FwcC1JbWFnZS0yMDI0LTA0LTE4LWF0LTEzLjQ2LjMyLmpwZWciLCJzbGlkZXNob3ciOiIzZDYxMmM4In0%3D\">\n\t\t\t\t\t<div class=\"e-gallery-image elementor-gallery-item__image\" data-thumbnail=\"https:\/\/ssantalya.com.tr\/wp-content\/uploads\/2024\/07\/WhatsApp-Image-2024-04-18-at-13.46.32-300x135.jpeg\" data-width=\"300\" data-height=\"135\" aria-label=\"\" role=\"img\" ><\/div>\n\t\t\t\t\t\t\t\t\t\t\t<div class=\"elementor-gallery-item__overlay\"><\/div>\n\t\t\t\t\t\t\t\t\t\t\t\t\t\t<\/a>\n\t\t\t\t\t\t\t<a class=\"e-gallery-item elementor-gallery-item elementor-animated-content\" href=\"https:\/\/ssantalya.com.tr\/wp-content\/uploads\/2024\/07\/WhatsApp-Image-2024-04-18-at-13.46.39.jpeg\" data-elementor-open-lightbox=\"yes\" data-elementor-lightbox-slideshow=\"3d612c8\" data-elementor-lightbox-title=\"WhatsApp Image 2024-04-18 at 13.46.39\" data-e-action-hash=\"#elementor-action%3Aaction%3Dlightbox%26settings%3DeyJpZCI6MzAwOCwidXJsIjoiaHR0cHM6XC9cL3NzYW50YWx5YS5jb20udHJcL3dwLWNvbnRlbnRcL3VwbG9hZHNcLzIwMjRcLzA3XC9XaGF0c0FwcC1JbWFnZS0yMDI0LTA0LTE4LWF0LTEzLjQ2LjM5LmpwZWciLCJzbGlkZXNob3ciOiIzZDYxMmM4In0%3D\">\n\t\t\t\t\t<div class=\"e-gallery-image elementor-gallery-item__image\" data-thumbnail=\"https:\/\/ssantalya.com.tr\/wp-content\/uploads\/2024\/07\/WhatsApp-Image-2024-04-18-at-13.46.39-300x135.jpeg\" data-width=\"300\" data-height=\"135\" aria-label=\"\" role=\"img\" ><\/div>\n\t\t\t\t\t\t\t\t\t\t\t<div class=\"elementor-gallery-item__overlay\"><\/div>\n\t\t\t\t\t\t\t\t\t\t\t\t\t\t<\/a>\n\t\t\t\t\t\t\t<a class=\"e-gallery-item elementor-gallery-item elementor-animated-content\" href=\"https:\/\/ssantalya.com.tr\/wp-content\/uploads\/2024\/07\/WhatsApp-Image-2024-04-18-at-13.46.42.jpeg\" data-elementor-open-lightbox=\"yes\" data-elementor-lightbox-slideshow=\"3d612c8\" data-elementor-lightbox-title=\"WhatsApp Image 2024-04-18 at 13.46.42\" data-e-action-hash=\"#elementor-action%3Aaction%3Dlightbox%26settings%3DeyJpZCI6MzAwOSwidXJsIjoiaHR0cHM6XC9cL3NzYW50YWx5YS5jb20udHJcL3dwLWNvbnRlbnRcL3VwbG9hZHNcLzIwMjRcLzA3XC9XaGF0c0FwcC1JbWFnZS0yMDI0LTA0LTE4LWF0LTEzLjQ2LjQyLmpwZWciLCJzbGlkZXNob3ciOiIzZDYxMmM4In0%3D\">\n\t\t\t\t\t<div class=\"e-gallery-image elementor-gallery-item__image\" data-thumbnail=\"https:\/\/ssantalya.com.tr\/wp-content\/uploads\/2024\/07\/WhatsApp-Image-2024-04-18-at-13.46.42-300x135.jpeg\" data-width=\"300\" data-height=\"135\" aria-label=\"\" role=\"img\" ><\/div>\n\t\t\t\t\t\t\t\t\t\t\t<div class=\"elementor-gallery-item__overlay\"><\/div>\n\t\t\t\t\t\t\t\t\t\t\t\t\t\t<\/a>\n\t\t\t\t\t\t\t<a class=\"e-gallery-item elementor-gallery-item elementor-animated-content\" href=\"https:\/\/ssantalya.com.tr\/wp-content\/uploads\/2024\/07\/WhatsApp-Image-2024-04-18-at-13.46.51.jpeg\" data-elementor-open-lightbox=\"yes\" data-elementor-lightbox-slideshow=\"3d612c8\" data-elementor-lightbox-title=\"WhatsApp Image 2024-04-18 at 13.46.51\" data-e-action-hash=\"#elementor-action%3Aaction%3Dlightbox%26settings%3DeyJpZCI6MzAxMCwidXJsIjoiaHR0cHM6XC9cL3NzYW50YWx5YS5jb20udHJcL3dwLWNvbnRlbnRcL3VwbG9hZHNcLzIwMjRcLzA3XC9XaGF0c0FwcC1JbWFnZS0yMDI0LTA0LTE4LWF0LTEzLjQ2LjUxLmpwZWciLCJzbGlkZXNob3ciOiIzZDYxMmM4In0%3D\">\n\t\t\t\t\t<div class=\"e-gallery-image elementor-gallery-item__image\" data-thumbnail=\"https:\/\/ssantalya.com.tr\/wp-content\/uploads\/2024\/07\/WhatsApp-Image-2024-04-18-at-13.46.51-135x300.jpeg\" data-width=\"135\" data-height=\"300\" aria-label=\"\" role=\"img\" ><\/div>\n\t\t\t\t\t\t\t\t\t\t\t<div class=\"elementor-gallery-item__overlay\"><\/div>\n\t\t\t\t\t\t\t\t\t\t\t\t\t\t<\/a>\n\t\t\t\t\t\t\t<a class=\"e-gallery-item elementor-gallery-item elementor-animated-content\" href=\"https:\/\/ssantalya.com.tr\/wp-content\/uploads\/2024\/07\/WhatsApp-Image-2024-04-18-at-13.46.59-1.jpeg\" data-elementor-open-lightbox=\"yes\" data-elementor-lightbox-slideshow=\"3d612c8\" data-elementor-lightbox-title=\"WhatsApp Image 2024-04-18 at 13.46.59 (1)\" data-e-action-hash=\"#elementor-action%3Aaction%3Dlightbox%26settings%3DeyJpZCI6MzAxMSwidXJsIjoiaHR0cHM6XC9cL3NzYW50YWx5YS5jb20udHJcL3dwLWNvbnRlbnRcL3VwbG9hZHNcLzIwMjRcLzA3XC9XaGF0c0FwcC1JbWFnZS0yMDI0LTA0LTE4LWF0LTEzLjQ2LjU5LTEuanBlZyIsInNsaWRlc2hvdyI6IjNkNjEyYzgifQ%3D%3D\">\n\t\t\t\t\t<div class=\"e-gallery-image elementor-gallery-item__image\" data-thumbnail=\"https:\/\/ssantalya.com.tr\/wp-content\/uploads\/2024\/07\/WhatsApp-Image-2024-04-18-at-13.46.59-1-300x186.jpeg\" data-width=\"300\" data-height=\"186\" aria-label=\"\" role=\"img\" ><\/div>\n\t\t\t\t\t\t\t\t\t\t\t<div class=\"elementor-gallery-item__overlay\"><\/div>\n\t\t\t\t\t\t\t\t\t\t\t\t\t\t<\/a>\n\t\t\t\t\t\t\t<a class=\"e-gallery-item elementor-gallery-item elementor-animated-content\" href=\"https:\/\/ssantalya.com.tr\/wp-content\/uploads\/2024\/07\/WhatsApp-Image-2024-04-18-at-13.46.59.jpeg\" data-elementor-open-lightbox=\"yes\" data-elementor-lightbox-slideshow=\"3d612c8\" data-elementor-lightbox-title=\"WhatsApp Image 2024-04-18 at 13.46.59\" data-e-action-hash=\"#elementor-action%3Aaction%3Dlightbox%26settings%3DeyJpZCI6MzAxMiwidXJsIjoiaHR0cHM6XC9cL3NzYW50YWx5YS5jb20udHJcL3dwLWNvbnRlbnRcL3VwbG9hZHNcLzIwMjRcLzA3XC9XaGF0c0FwcC1JbWFnZS0yMDI0LTA0LTE4LWF0LTEzLjQ2LjU5LmpwZWciLCJzbGlkZXNob3ciOiIzZDYxMmM4In0%3D\">\n\t\t\t\t\t<div class=\"e-gallery-image elementor-gallery-item__image\" data-thumbnail=\"https:\/\/ssantalya.com.tr\/wp-content\/uploads\/2024\/07\/WhatsApp-Image-2024-04-18-at-13.46.59-300x139.jpeg\" data-width=\"300\" data-height=\"139\" aria-label=\"\" role=\"img\" ><\/div>\n\t\t\t\t\t\t\t\t\t\t\t<div class=\"elementor-gallery-item__overlay\"><\/div>\n\t\t\t\t\t\t\t\t\t\t\t\t\t\t<\/a>\n\t\t\t\t\t\t\t<a class=\"e-gallery-item elementor-gallery-item elementor-animated-content\" href=\"https:\/\/ssantalya.com.tr\/wp-content\/uploads\/2024\/07\/WhatsApp-Image-2024-04-18-at-13.47.16.jpeg\" data-elementor-open-lightbox=\"yes\" data-elementor-lightbox-slideshow=\"3d612c8\" data-elementor-lightbox-title=\"WhatsApp Image 2024-04-18 at 13.47.16\" data-e-action-hash=\"#elementor-action%3Aaction%3Dlightbox%26settings%3DeyJpZCI6MzAxMywidXJsIjoiaHR0cHM6XC9cL3NzYW50YWx5YS5jb20udHJcL3dwLWNvbnRlbnRcL3VwbG9hZHNcLzIwMjRcLzA3XC9XaGF0c0FwcC1JbWFnZS0yMDI0LTA0LTE4LWF0LTEzLjQ3LjE2LmpwZWciLCJzbGlkZXNob3ciOiIzZDYxMmM4In0%3D\">\n\t\t\t\t\t<div class=\"e-gallery-image elementor-gallery-item__image\" data-thumbnail=\"https:\/\/ssantalya.com.tr\/wp-content\/uploads\/2024\/07\/WhatsApp-Image-2024-04-18-at-13.47.16-300x225.jpeg\" data-width=\"300\" data-height=\"225\" aria-label=\"\" role=\"img\" ><\/div>\n\t\t\t\t\t\t\t\t\t\t\t<div class=\"elementor-gallery-item__overlay\"><\/div>\n\t\t\t\t\t\t\t\t\t\t\t\t\t\t<\/a>\n\t\t\t\t\t\t\t<a class=\"e-gallery-item elementor-gallery-item elementor-animated-content\" href=\"https:\/\/ssantalya.com.tr\/wp-content\/uploads\/2024\/07\/WhatsApp-Image-2024-04-18-at-13.47.33.jpeg\" data-elementor-open-lightbox=\"yes\" data-elementor-lightbox-slideshow=\"3d612c8\" data-elementor-lightbox-title=\"WhatsApp Image 2024-04-18 at 13.47.33\" data-e-action-hash=\"#elementor-action%3Aaction%3Dlightbox%26settings%3DeyJpZCI6MzAxNCwidXJsIjoiaHR0cHM6XC9cL3NzYW50YWx5YS5jb20udHJcL3dwLWNvbnRlbnRcL3VwbG9hZHNcLzIwMjRcLzA3XC9XaGF0c0FwcC1JbWFnZS0yMDI0LTA0LTE4LWF0LTEzLjQ3LjMzLmpwZWciLCJzbGlkZXNob3ciOiIzZDYxMmM4In0%3D\">\n\t\t\t\t\t<div class=\"e-gallery-image elementor-gallery-item__image\" data-thumbnail=\"https:\/\/ssantalya.com.tr\/wp-content\/uploads\/2024\/07\/WhatsApp-Image-2024-04-18-at-13.47.33-300x169.jpeg\" data-width=\"300\" data-height=\"169\" aria-label=\"\" role=\"img\" ><\/div>\n\t\t\t\t\t\t\t\t\t\t\t<div class=\"elementor-gallery-item__overlay\"><\/div>\n\t\t\t\t\t\t\t\t\t\t\t\t\t\t<\/a>\n\t\t\t\t\t\t\t<a class=\"e-gallery-item elementor-gallery-item elementor-animated-content\" href=\"https:\/\/ssantalya.com.tr\/wp-content\/uploads\/2024\/07\/WhatsApp-Image-2024-04-18-at-13.47.39.jpeg\" data-elementor-open-lightbox=\"yes\" data-elementor-lightbox-slideshow=\"3d612c8\" data-elementor-lightbox-title=\"WhatsApp Image 2024-04-18 at 13.47.39\" data-e-action-hash=\"#elementor-action%3Aaction%3Dlightbox%26settings%3DeyJpZCI6MzAxNSwidXJsIjoiaHR0cHM6XC9cL3NzYW50YWx5YS5jb20udHJcL3dwLWNvbnRlbnRcL3VwbG9hZHNcLzIwMjRcLzA3XC9XaGF0c0FwcC1JbWFnZS0yMDI0LTA0LTE4LWF0LTEzLjQ3LjM5LmpwZWciLCJzbGlkZXNob3ciOiIzZDYxMmM4In0%3D\">\n\t\t\t\t\t<div class=\"e-gallery-image elementor-gallery-item__image\" data-thumbnail=\"https:\/\/ssantalya.com.tr\/wp-content\/uploads\/2024\/07\/WhatsApp-Image-2024-04-18-at-13.47.39-300x169.jpeg\" data-width=\"300\" data-height=\"169\" aria-label=\"\" role=\"img\" ><\/div>\n\t\t\t\t\t\t\t\t\t\t\t<div class=\"elementor-gallery-item__overlay\"><\/div>\n\t\t\t\t\t\t\t\t\t\t\t\t\t\t<\/a>\n\t\t\t\t\t\t\t<a class=\"e-gallery-item elementor-gallery-item elementor-animated-content\" href=\"https:\/\/ssantalya.com.tr\/wp-content\/uploads\/2024\/07\/WhatsApp-Image-2024-04-18-at-13.47.43.jpeg\" data-elementor-open-lightbox=\"yes\" data-elementor-lightbox-slideshow=\"3d612c8\" data-elementor-lightbox-title=\"WhatsApp Image 2024-04-18 at 13.47.43\" data-e-action-hash=\"#elementor-action%3Aaction%3Dlightbox%26settings%3DeyJpZCI6MzAxNiwidXJsIjoiaHR0cHM6XC9cL3NzYW50YWx5YS5jb20udHJcL3dwLWNvbnRlbnRcL3VwbG9hZHNcLzIwMjRcLzA3XC9XaGF0c0FwcC1JbWFnZS0yMDI0LTA0LTE4LWF0LTEzLjQ3LjQzLmpwZWciLCJzbGlkZXNob3ciOiIzZDYxMmM4In0%3D\">\n\t\t\t\t\t<div class=\"e-gallery-image elementor-gallery-item__image\" data-thumbnail=\"https:\/\/ssantalya.com.tr\/wp-content\/uploads\/2024\/07\/WhatsApp-Image-2024-04-18-at-13.47.43-300x225.jpeg\" data-width=\"300\" data-height=\"225\" aria-label=\"\" role=\"img\" ><\/div>\n\t\t\t\t\t\t\t\t\t\t\t<div class=\"elementor-gallery-item__overlay\"><\/div>\n\t\t\t\t\t\t\t\t\t\t\t\t\t\t<\/a>\n\t\t\t\t\t\t\t<a class=\"e-gallery-item elementor-gallery-item elementor-animated-content\" href=\"https:\/\/ssantalya.com.tr\/wp-content\/uploads\/2024\/07\/WhatsApp-Image-2024-06-26-at-16.06.36.jpeg\" data-elementor-open-lightbox=\"yes\" data-elementor-lightbox-slideshow=\"3d612c8\" data-elementor-lightbox-title=\"WhatsApp Image 2024-06-26 at 16.06.36\" data-e-action-hash=\"#elementor-action%3Aaction%3Dlightbox%26settings%3DeyJpZCI6MzAxNywidXJsIjoiaHR0cHM6XC9cL3NzYW50YWx5YS5jb20udHJcL3dwLWNvbnRlbnRcL3VwbG9hZHNcLzIwMjRcLzA3XC9XaGF0c0FwcC1JbWFnZS0yMDI0LTA2LTI2LWF0LTE2LjA2LjM2LmpwZWciLCJzbGlkZXNob3ciOiIzZDYxMmM4In0%3D\">\n\t\t\t\t\t<div class=\"e-gallery-image elementor-gallery-item__image\" data-thumbnail=\"https:\/\/ssantalya.com.tr\/wp-content\/uploads\/2024\/07\/WhatsApp-Image-2024-06-26-at-16.06.36-300x168.jpeg\" data-width=\"300\" data-height=\"168\" aria-label=\"\" role=\"img\" ><\/div>\n\t\t\t\t\t\t\t\t\t\t\t<div class=\"elementor-gallery-item__overlay\"><\/div>\n\t\t\t\t\t\t\t\t\t\t\t\t\t\t<\/a>\n\t\t\t\t\t<\/div>\n\t\t\t\t\t<\/div>\n\t\t\t\t<\/div>\n\t\t\t\t\t<\/div>\n\t\t\t\t<\/div>\n\t\t<div class=\"elementor-element elementor-element-91d665e e-flex e-con-boxed e-con e-parent\" data-id=\"91d665e\" data-element_type=\"container\">\n\t\t\t\t\t<div class=\"e-con-inner\">\n\t\t\t\t\t<\/div>\n\t\t\t\t<\/div>\n\t\t\t\t<\/div>\n\t\t","protected":false},"excerpt":{"rendered":"<p>Projeler Projelerimiz Devam Eden Projelerimiz 2 .etap in\u015faatlar\u0131m\u0131z tamamlanmaya devam ediyor. 32 adet depodan 2 tanesini tamamlad\u0131k 10 adeti ise \u00e7ok k\u0131sa s\u00fcrede tamamlanm\u0131\u015f olacakt\u0131r. geri kalan 22 adedin in\u015faat\u0131na devam etmekteyiz<\/p>\n","protected":false},"author":1,"featured_media":0,"parent":0,"menu_order":0,"comment_status":"closed","ping_status":"closed","template":"","meta":{"site-sidebar-layout":"no-sidebar","site-content-layout":"page-builder","ast-site-content-layout":"","site-content-style":"default","site-sidebar-style":"default","ast-global-header-display":"","ast-banner-title-visibility":"","ast-main-header-display":"","ast-hfb-above-header-display":"","ast-hfb-below-header-display":"","ast-hfb-mobile-header-display":"","site-post-title":"disabled","ast-breadcrumbs-content":"","ast-featured-img":"","footer-sml-layout":"","theme-transparent-header-meta":"","adv-header-id-meta":"","stick-header-meta":"","header-above-stick-meta":"","header-main-stick-meta":"","header-below-stick-meta":"","astra-migrate-meta-layouts":"default","ast-page-background-enabled":"default","ast-page-background-meta":{"desktop":{"background-color":"var(--ast-global-color-4)","background-image":"","background-repeat":"repeat","background-position":"center center","background-size":"auto","background-attachment":"scroll","background-type":"","background-media":"","overlay-type":"","overlay-color":"","overlay-opacity":"","overlay-gradient":""},"tablet":{"background-color":"","background-image":"","background-repeat":"repeat","background-position":"center center","background-size":"auto","background-attachment":"scroll","background-type":"","background-media":"","overlay-type":"","overlay-color":"","overlay-opacity":"","overlay-gradient":""},"mobile":{"background-color":"","background-image":"","background-repeat":"repeat","background-position":"center center","background-size":"auto","background-attachment":"scroll","background-type":"","background-media":"","overlay-type":"","overlay-color":"","overlay-opacity":"","overlay-gradient":""}},"ast-content-background-meta":{"desktop":{"background-color":"var(--ast-global-color-5)","background-image":"","background-repeat":"repeat","background-position":"center center","background-size":"auto","background-attachment":"scroll","background-type":"","background-media":"","overlay-type":"","overlay-color":"","overlay-opacity":"","overlay-gradient":""},"tablet":{"background-color":"var(--ast-global-color-5)","background-image":"","background-repeat":"repeat","background-position":"center center","background-size":"auto","background-attachment":"scroll","background-type":"","background-media":"","overlay-type":"","overlay-color":"","overlay-opacity":"","overlay-gradient":""},"mobile":{"background-color":"var(--ast-global-color-5)","background-image":"","background-repeat":"repeat","background-position":"center center","background-size":"auto","background-attachment":"scroll","background-type":"","background-media":"","overlay-type":"","overlay-color":"","overlay-opacity":"","overlay-gradient":""}},"footnotes":""},"class_list":["post-255","page","type-page","status-publish","hentry"],"_links":{"self":[{"href":"https:\/\/ssantalya.com.tr\/index.php?rest_route=\/wp\/v2\/pages\/255","targetHints":{"allow":["GET"]}}],"collection":[{"href":"https:\/\/ssantalya.com.tr\/index.php?rest_route=\/wp\/v2\/pages"}],"about":[{"href":"https:\/\/ssantalya.com.tr\/index.php?rest_route=\/wp\/v2\/types\/page"}],"author":[{"embeddable":true,"href":"https:\/\/ssantalya.com.tr\/index.php?rest_route=\/wp\/v2\/users\/1"}],"replies":[{"embeddable":true,"href":"https:\/\/ssantalya.com.tr\/index.php?rest_route=%2Fwp%2Fv2%2Fcomments&post=255"}],"version-history":[{"count":23,"href":"https:\/\/ssantalya.com.tr\/index.php?rest_route=\/wp\/v2\/pages\/255\/revisions"}],"predecessor-version":[{"id":3407,"href":"https:\/\/ssantalya.com.tr\/index.php?rest_route=\/wp\/v2\/pages\/255\/revisions\/3407"}],"wp:attachment":[{"href":"https:\/\/ssantalya.com.tr\/index.php?rest_route=%2Fwp%2Fv2%2Fmedia&parent=255"}],"curies":[{"name":"wp","href":"https:\/\/api.w.org\/{rel}","templated":true}]}}