{"id":270,"date":"2022-07-11T10:16:43","date_gmt":"2022-07-11T10:16:43","guid":{"rendered":"https:\/\/www.ssantalya.com.tr\/home-2-2\/"},"modified":"2024-07-23T16:08:06","modified_gmt":"2024-07-23T13:08:06","slug":"ana","status":"publish","type":"page","link":"https:\/\/ssantalya.com.tr\/","title":{"rendered":"Ana Sayfa"},"content":{"rendered":"\t\t<div data-elementor-type=\"wp-page\" data-elementor-id=\"270\" class=\"elementor elementor-270\" data-elementor-post-type=\"page\">\n\t\t\t\t<div class=\"elementor-element elementor-element-1f8dcc2 e-con-full e-flex e-con e-parent\" data-id=\"1f8dcc2\" data-element_type=\"container\">\n\t\t\t\t<div class=\"elementor-element elementor-element-c5f6ca9 elementor-widget__width-inherit elementor-widget elementor-widget-video\" data-id=\"c5f6ca9\" data-element_type=\"widget\" data-settings=\"{&quot;video_type&quot;:&quot;hosted&quot;,&quot;autoplay&quot;:&quot;yes&quot;,&quot;play_on_mobile&quot;:&quot;yes&quot;,&quot;mute&quot;:&quot;yes&quot;,&quot;loop&quot;:&quot;yes&quot;}\" data-widget_type=\"video.default\">\n\t\t\t\t<div class=\"elementor-widget-container\">\n\t\t\t\t\t\t\t<div class=\"e-hosted-video elementor-wrapper elementor-open-inline\">\n\t\t\t\t\t<video class=\"elementor-video\" src=\"https:\/\/ssantalya.com.tr\/wp-content\/uploads\/2024\/07\/WhatsApp-Video-2024-07-05-at-11.22.53_700.mp4\" autoplay=\"\" loop=\"\" muted=\"muted\" playsinline=\"\" controlsList=\"nodownload\"><\/video>\n\t\t\t\t<\/div>\n\t\t\t\t\t\t<\/div>\n\t\t\t\t<\/div>\n\t\t\t\t<\/div>\n\t\t<div class=\"elementor-element elementor-element-464e3de e-flex e-con-boxed e-con e-parent\" data-id=\"464e3de\" data-element_type=\"container\">\n\t\t\t\t\t<div class=\"e-con-inner\">\n\t\t<div class=\"elementor-element elementor-element-157f492 e-con-full e-flex e-con e-child\" data-id=\"157f492\" data-element_type=\"container\">\n\t\t\t\t<div class=\"elementor-element elementor-element-c0e5edd elementor-widget elementor-widget-heading\" data-id=\"c0e5edd\" data-element_type=\"widget\" data-widget_type=\"heading.default\">\n\t\t\t\t<div class=\"elementor-widget-container\">\n\t\t\t\t\t<h2 class=\"elementor-heading-title elementor-size-default\">Haberler<\/h2>\t\t\t\t<\/div>\n\t\t\t\t<\/div>\n\t\t\t\t<div class=\"elementor-element elementor-element-1fd9a81 elementor-grid-3 elementor-grid-tablet-2 elementor-grid-mobile-1 elementor-posts--thumbnail-top elementor-posts--show-avatar elementor-card-shadow-yes elementor-posts__hover-gradient elementor-widget elementor-widget-posts\" data-id=\"1fd9a81\" data-element_type=\"widget\" data-settings=\"{&quot;cards_masonry&quot;:&quot;yes&quot;,&quot;cards_columns&quot;:&quot;3&quot;,&quot;cards_columns_tablet&quot;:&quot;2&quot;,&quot;cards_columns_mobile&quot;:&quot;1&quot;,&quot;cards_row_gap&quot;:{&quot;unit&quot;:&quot;px&quot;,&quot;size&quot;:35,&quot;sizes&quot;:[]},&quot;cards_row_gap_tablet&quot;:{&quot;unit&quot;:&quot;px&quot;,&quot;size&quot;:&quot;&quot;,&quot;sizes&quot;:[]},&quot;cards_row_gap_mobile&quot;:{&quot;unit&quot;:&quot;px&quot;,&quot;size&quot;:&quot;&quot;,&quot;sizes&quot;:[]}}\" data-widget_type=\"posts.cards\">\n\t\t\t\t<div class=\"elementor-widget-container\">\n\t\t\t\t\t\t\t<div class=\"elementor-posts-container elementor-posts elementor-posts--skin-cards elementor-grid\">\n\t\t\t\t<article class=\"elementor-post elementor-grid-item post-3501 post type-post status-publish format-standard has-post-thumbnail hentry category-haberler\">\n\t\t\t<div class=\"elementor-post__card\">\n\t\t\t\t<a class=\"elementor-post__thumbnail__link\" href=\"https:\/\/ssantalya.com.tr\/?p=3501\" tabindex=\"-1\" ><div class=\"elementor-post__thumbnail\"><img decoding=\"async\" width=\"300\" height=\"154\" src=\"https:\/\/ssantalya.com.tr\/wp-content\/uploads\/2025\/04\/1080m2-300x154.jpg\" class=\"attachment-medium size-medium wp-image-3498\" alt=\"\" srcset=\"https:\/\/ssantalya.com.tr\/wp-content\/uploads\/2025\/04\/1080m2-300x154.jpg 300w, https:\/\/ssantalya.com.tr\/wp-content\/uploads\/2025\/04\/1080m2-768x395.jpg 768w, https:\/\/ssantalya.com.tr\/wp-content\/uploads\/2025\/04\/1080m2.jpg 1024w\" sizes=\"(max-width: 300px) 100vw, 300px\" \/><\/div><\/a>\n\t\t\t\t<div class=\"elementor-post__badge\">Haberler<\/div>\n\t\t\t\t<div class=\"elementor-post__avatar\">\n\t\t\t\t\t<\/div>\n\t\t\t\t<div class=\"elementor-post__text\">\n\t\t\t\t<h3 class=\"elementor-post__title\">\n\t\t\t<a href=\"https:\/\/ssantalya.com.tr\/?p=3501\" >\n\t\t\t\tYeni Depolar Tamamland\u0131\t\t\t<\/a>\n\t\t<\/h3>\n\t\t\t\t<div class=\"elementor-post__excerpt\">\n\t\t\t\t\t<\/div>\n\t\t\n\t\t<a class=\"elementor-post__read-more\" href=\"https:\/\/ssantalya.com.tr\/?p=3501\" aria-label=\"Read more about Yeni Depolar Tamamland\u0131\" tabindex=\"-1\" >\n\t\t\tDevam\u0131n\u0131 Oku \u00bb\t\t<\/a>\n\n\t\t\t\t<\/div>\n\t\t\t\t<div class=\"elementor-post__meta-data\">\n\t\t\t\t\t<span class=\"elementor-post-date\">\n\t\t\t8 \u015eubat 2026\t\t<\/span>\n\t\t\t\t<\/div>\n\t\t\t\t\t<\/div>\n\t\t<\/article>\n\t\t\t\t<article class=\"elementor-post elementor-grid-item post-3556 post type-post status-publish format-standard has-post-thumbnail hentry category-haberler\">\n\t\t\t<div class=\"elementor-post__card\">\n\t\t\t\t<a class=\"elementor-post__thumbnail__link\" href=\"https:\/\/ssantalya.com.tr\/?p=3556\" tabindex=\"-1\" ><div class=\"elementor-post__thumbnail\"><img fetchpriority=\"high\" decoding=\"async\" width=\"300\" height=\"225\" src=\"https:\/\/ssantalya.com.tr\/wp-content\/uploads\/2026\/02\/Kooperatifimizin-2.-etap-insaat-Ruhsatlari-1.jpeg\" class=\"attachment-medium size-medium wp-image-3558\" alt=\"\" \/><\/div><\/a>\n\t\t\t\t<div class=\"elementor-post__badge\">Haberler<\/div>\n\t\t\t\t<div class=\"elementor-post__avatar\">\n\t\t\t\t\t<\/div>\n\t\t\t\t<div class=\"elementor-post__text\">\n\t\t\t\t<h3 class=\"elementor-post__title\">\n\t\t\t<a href=\"https:\/\/ssantalya.com.tr\/?p=3556\" >\n\t\t\t\tKooperatifimizin 2. etap in\u015faat Ruhsatlar\u0131 hakk\u0131nda g\u00f6r\u00fc\u015fmeler sa\u011fland\u0131\t\t\t<\/a>\n\t\t<\/h3>\n\t\t\t\t<div class=\"elementor-post__excerpt\">\n\t\t\t\t\t<\/div>\n\t\t\n\t\t<a class=\"elementor-post__read-more\" href=\"https:\/\/ssantalya.com.tr\/?p=3556\" aria-label=\"Read more about Kooperatifimizin 2. etap in\u015faat Ruhsatlar\u0131 hakk\u0131nda g\u00f6r\u00fc\u015fmeler sa\u011fland\u0131\" tabindex=\"-1\" >\n\t\t\tDevam\u0131n\u0131 Oku \u00bb\t\t<\/a>\n\n\t\t\t\t<\/div>\n\t\t\t\t<div class=\"elementor-post__meta-data\">\n\t\t\t\t\t<span class=\"elementor-post-date\">\n\t\t\t1 \u015eubat 2026\t\t<\/span>\n\t\t\t\t<\/div>\n\t\t\t\t\t<\/div>\n\t\t<\/article>\n\t\t\t\t<article class=\"elementor-post elementor-grid-item post-3468 post type-post status-publish format-standard has-post-thumbnail hentry category-haberler\">\n\t\t\t<div class=\"elementor-post__card\">\n\t\t\t\t<a class=\"elementor-post__thumbnail__link\" href=\"https:\/\/ssantalya.com.tr\/?p=3468\" tabindex=\"-1\" ><div class=\"elementor-post__thumbnail\"><img decoding=\"async\" width=\"300\" height=\"154\" src=\"https:\/\/ssantalya.com.tr\/wp-content\/uploads\/2025\/04\/Peyzaj-300x154.jpg\" class=\"attachment-medium size-medium wp-image-3485\" alt=\"\" srcset=\"https:\/\/ssantalya.com.tr\/wp-content\/uploads\/2025\/04\/Peyzaj-300x154.jpg 300w, https:\/\/ssantalya.com.tr\/wp-content\/uploads\/2025\/04\/Peyzaj-768x395.jpg 768w, https:\/\/ssantalya.com.tr\/wp-content\/uploads\/2025\/04\/Peyzaj.jpg 1024w\" sizes=\"(max-width: 300px) 100vw, 300px\" \/><\/div><\/a>\n\t\t\t\t<div class=\"elementor-post__badge\">Haberler<\/div>\n\t\t\t\t<div class=\"elementor-post__avatar\">\n\t\t\t\t\t<\/div>\n\t\t\t\t<div class=\"elementor-post__text\">\n\t\t\t\t<h3 class=\"elementor-post__title\">\n\t\t\t<a href=\"https:\/\/ssantalya.com.tr\/?p=3468\" >\n\t\t\t\tGiri\u015f Peyzaj Ve G\u00fcvenlik Kul\u00fcbesi Yenilenmesi Tamamland\u0131\t\t\t<\/a>\n\t\t<\/h3>\n\t\t\t\t<div class=\"elementor-post__excerpt\">\n\t\t\t<p>\u00a0<\/p>\n\t\t<\/div>\n\t\t\n\t\t<a class=\"elementor-post__read-more\" href=\"https:\/\/ssantalya.com.tr\/?p=3468\" aria-label=\"Read more about Giri\u015f Peyzaj Ve G\u00fcvenlik Kul\u00fcbesi Yenilenmesi Tamamland\u0131\" tabindex=\"-1\" >\n\t\t\tDevam\u0131n\u0131 Oku \u00bb\t\t<\/a>\n\n\t\t\t\t<\/div>\n\t\t\t\t<div class=\"elementor-post__meta-data\">\n\t\t\t\t\t<span class=\"elementor-post-date\">\n\t\t\t21 Nisan 2025\t\t<\/span>\n\t\t\t\t<\/div>\n\t\t\t\t\t<\/div>\n\t\t<\/article>\n\t\t\t\t<article class=\"elementor-post elementor-grid-item post-3461 post type-post status-publish format-standard has-post-thumbnail hentry category-haberler\">\n\t\t\t<div class=\"elementor-post__card\">\n\t\t\t\t<a class=\"elementor-post__thumbnail__link\" href=\"https:\/\/ssantalya.com.tr\/?p=3461\" tabindex=\"-1\" ><div class=\"elementor-post__thumbnail\"><img loading=\"lazy\" decoding=\"async\" width=\"300\" height=\"154\" src=\"https:\/\/ssantalya.com.tr\/wp-content\/uploads\/2024\/08\/29124928_ogm_mansethabertasarim28-300x154.jpg\" class=\"attachment-medium size-medium wp-image-3462\" alt=\"\" srcset=\"https:\/\/ssantalya.com.tr\/wp-content\/uploads\/2024\/08\/29124928_ogm_mansethabertasarim28-300x154.jpg 300w, https:\/\/ssantalya.com.tr\/wp-content\/uploads\/2024\/08\/29124928_ogm_mansethabertasarim28-1024x526.jpg 1024w, https:\/\/ssantalya.com.tr\/wp-content\/uploads\/2024\/08\/29124928_ogm_mansethabertasarim28-768x395.jpg 768w, https:\/\/ssantalya.com.tr\/wp-content\/uploads\/2024\/08\/29124928_ogm_mansethabertasarim28.jpg 1090w\" sizes=\"(max-width: 300px) 100vw, 300px\" \/><\/div><\/a>\n\t\t\t\t<div class=\"elementor-post__badge\">Haberler<\/div>\n\t\t\t\t<div class=\"elementor-post__avatar\">\n\t\t\t\t\t<\/div>\n\t\t\t\t<div class=\"elementor-post__text\">\n\t\t\t\t<h3 class=\"elementor-post__title\">\n\t\t\t<a href=\"https:\/\/ssantalya.com.tr\/?p=3461\" >\n\t\t\t\t30 A\u011eUSTOS ZAFER BAYRAMINIZ KUTLU OLSUN\t\t\t<\/a>\n\t\t<\/h3>\n\t\t\t\t<div class=\"elementor-post__excerpt\">\n\t\t\t\t\t<\/div>\n\t\t\n\t\t<a class=\"elementor-post__read-more\" href=\"https:\/\/ssantalya.com.tr\/?p=3461\" aria-label=\"Read more about 30 A\u011eUSTOS ZAFER BAYRAMINIZ KUTLU OLSUN\" tabindex=\"-1\" >\n\t\t\tDevam\u0131n\u0131 Oku \u00bb\t\t<\/a>\n\n\t\t\t\t<\/div>\n\t\t\t\t<div class=\"elementor-post__meta-data\">\n\t\t\t\t\t<span class=\"elementor-post-date\">\n\t\t\t29 A\u011fustos 2024\t\t<\/span>\n\t\t\t\t<\/div>\n\t\t\t\t\t<\/div>\n\t\t<\/article>\n\t\t\t\t<article class=\"elementor-post elementor-grid-item post-3378 post type-post status-publish format-standard has-post-thumbnail hentry category-haberler\">\n\t\t\t<div class=\"elementor-post__card\">\n\t\t\t\t<a class=\"elementor-post__thumbnail__link\" href=\"https:\/\/ssantalya.com.tr\/?p=3378\" tabindex=\"-1\" ><div class=\"elementor-post__thumbnail\"><img loading=\"lazy\" decoding=\"async\" width=\"300\" height=\"154\" src=\"https:\/\/ssantalya.com.tr\/wp-content\/uploads\/2024\/07\/iftar-300x154.jpg\" class=\"attachment-medium size-medium wp-image-3486\" alt=\"\" srcset=\"https:\/\/ssantalya.com.tr\/wp-content\/uploads\/2024\/07\/iftar-300x154.jpg 300w, https:\/\/ssantalya.com.tr\/wp-content\/uploads\/2024\/07\/iftar-768x395.jpg 768w, https:\/\/ssantalya.com.tr\/wp-content\/uploads\/2024\/07\/iftar.jpg 1024w\" sizes=\"(max-width: 300px) 100vw, 300px\" \/><\/div><\/a>\n\t\t\t\t<div class=\"elementor-post__badge\">Haberler<\/div>\n\t\t\t\t<div class=\"elementor-post__avatar\">\n\t\t\t\t\t<\/div>\n\t\t\t\t<div class=\"elementor-post__text\">\n\t\t\t\t<h3 class=\"elementor-post__title\">\n\t\t\t<a href=\"https:\/\/ssantalya.com.tr\/?p=3378\" >\n\t\t\t\t\u0130ftar Yeme\u011fimiz\t\t\t<\/a>\n\t\t<\/h3>\n\t\t\t\t<div class=\"elementor-post__excerpt\">\n\t\t\t\t\t<\/div>\n\t\t\n\t\t<a class=\"elementor-post__read-more\" href=\"https:\/\/ssantalya.com.tr\/?p=3378\" aria-label=\"Read more about \u0130ftar Yeme\u011fimiz\" tabindex=\"-1\" >\n\t\t\tDevam\u0131n\u0131 Oku \u00bb\t\t<\/a>\n\n\t\t\t\t<\/div>\n\t\t\t\t<div class=\"elementor-post__meta-data\">\n\t\t\t\t\t<span class=\"elementor-post-date\">\n\t\t\t24 Temmuz 2024\t\t<\/span>\n\t\t\t\t<\/div>\n\t\t\t\t\t<\/div>\n\t\t<\/article>\n\t\t\t\t<article class=\"elementor-post elementor-grid-item post-3238 post type-post status-publish format-gallery has-post-thumbnail hentry category-haberler post_format-post-format-gallery\">\n\t\t\t<div class=\"elementor-post__card\">\n\t\t\t\t<a class=\"elementor-post__thumbnail__link\" href=\"https:\/\/ssantalya.com.tr\/?p=3238\" tabindex=\"-1\" ><div class=\"elementor-post__thumbnail\"><img loading=\"lazy\" decoding=\"async\" width=\"300\" height=\"154\" src=\"https:\/\/ssantalya.com.tr\/wp-content\/uploads\/2024\/07\/2024-genel-kurul-300x154.jpg\" class=\"attachment-medium size-medium wp-image-3487\" alt=\"\" srcset=\"https:\/\/ssantalya.com.tr\/wp-content\/uploads\/2024\/07\/2024-genel-kurul-300x154.jpg 300w, https:\/\/ssantalya.com.tr\/wp-content\/uploads\/2024\/07\/2024-genel-kurul-768x395.jpg 768w, https:\/\/ssantalya.com.tr\/wp-content\/uploads\/2024\/07\/2024-genel-kurul.jpg 1024w\" sizes=\"(max-width: 300px) 100vw, 300px\" \/><\/div><\/a>\n\t\t\t\t<div class=\"elementor-post__badge\">Haberler<\/div>\n\t\t\t\t<div class=\"elementor-post__avatar\">\n\t\t\t\t\t<\/div>\n\t\t\t\t<div class=\"elementor-post__text\">\n\t\t\t\t<h3 class=\"elementor-post__title\">\n\t\t\t<a href=\"https:\/\/ssantalya.com.tr\/?p=3238\" >\n\t\t\t\t2024 GENEL KURUL TOPLANTISI YAPILDI\t\t\t<\/a>\n\t\t<\/h3>\n\t\t\t\t<div class=\"elementor-post__excerpt\">\n\t\t\t\t\t<\/div>\n\t\t\n\t\t<a class=\"elementor-post__read-more\" href=\"https:\/\/ssantalya.com.tr\/?p=3238\" aria-label=\"Read more about 2024 GENEL KURUL TOPLANTISI YAPILDI\" tabindex=\"-1\" >\n\t\t\tDevam\u0131n\u0131 Oku \u00bb\t\t<\/a>\n\n\t\t\t\t<\/div>\n\t\t\t\t<div class=\"elementor-post__meta-data\">\n\t\t\t\t\t<span class=\"elementor-post-date\">\n\t\t\t13 Temmuz 2024\t\t<\/span>\n\t\t\t\t<\/div>\n\t\t\t\t\t<\/div>\n\t\t<\/article>\n\t\t\t\t<\/div>\n\t\t\n\t\t\t\t\t\t<\/div>\n\t\t\t\t<\/div>\n\t\t\t\t<\/div>\n\t\t\t\t\t<\/div>\n\t\t\t\t<\/div>\n\t\t<div class=\"elementor-element elementor-element-1b7e979 e-flex e-con-boxed e-con e-parent\" data-id=\"1b7e979\" data-element_type=\"container\">\n\t\t\t\t\t<div class=\"e-con-inner\">\n\t\t<div class=\"elementor-element elementor-element-223440e e-con-full e-flex e-con e-child\" data-id=\"223440e\" data-element_type=\"container\">\n\t\t<div class=\"elementor-element elementor-element-2511cac e-con-full e-flex e-con e-child\" data-id=\"2511cac\" data-element_type=\"container\">\n\t\t\t\t<div class=\"elementor-element elementor-element-9debef7 elementor-widget elementor-widget-heading\" data-id=\"9debef7\" data-element_type=\"widget\" data-widget_type=\"heading.default\">\n\t\t\t\t<div class=\"elementor-widget-container\">\n\t\t\t\t\t<h2 class=\"elementor-heading-title elementor-size-default\">Ba\u015fkandan<\/h2>\t\t\t\t<\/div>\n\t\t\t\t<\/div>\n\t\t\t\t<div class=\"elementor-element elementor-element-987365a elementor-grid-1 elementor-grid-tablet-2 elementor-grid-mobile-1 elementor-posts--thumbnail-top elementor-card-shadow-yes elementor-posts__hover-gradient elementor-widget elementor-widget-posts\" data-id=\"987365a\" data-element_type=\"widget\" data-settings=\"{&quot;cards_columns&quot;:&quot;1&quot;,&quot;cards_columns_tablet&quot;:&quot;2&quot;,&quot;cards_columns_mobile&quot;:&quot;1&quot;,&quot;cards_row_gap&quot;:{&quot;unit&quot;:&quot;px&quot;,&quot;size&quot;:35,&quot;sizes&quot;:[]},&quot;cards_row_gap_tablet&quot;:{&quot;unit&quot;:&quot;px&quot;,&quot;size&quot;:&quot;&quot;,&quot;sizes&quot;:[]},&quot;cards_row_gap_mobile&quot;:{&quot;unit&quot;:&quot;px&quot;,&quot;size&quot;:&quot;&quot;,&quot;sizes&quot;:[]}}\" data-widget_type=\"posts.cards\">\n\t\t\t\t<div class=\"elementor-widget-container\">\n\t\t\t\t\t\t\t<div class=\"elementor-posts-container elementor-posts elementor-posts--skin-cards elementor-grid\">\n\t\t\t\t<article class=\"elementor-post elementor-grid-item post-2760 post type-post status-publish format-standard has-post-thumbnail hentry category-baskan\">\n\t\t\t<div class=\"elementor-post__card\">\n\t\t\t\t<a class=\"elementor-post__thumbnail__link\" href=\"https:\/\/ssantalya.com.tr\/?p=2760\" tabindex=\"-1\" ><div class=\"elementor-post__thumbnail\"><img loading=\"lazy\" decoding=\"async\" width=\"900\" height=\"545\" src=\"https:\/\/ssantalya.com.tr\/wp-content\/uploads\/2024\/07\/WhatsApp-Image-2024.jpeg\" class=\"attachment-large size-large wp-image-3450\" alt=\"\" srcset=\"https:\/\/ssantalya.com.tr\/wp-content\/uploads\/2024\/07\/WhatsApp-Image-2024.jpeg 900w, https:\/\/ssantalya.com.tr\/wp-content\/uploads\/2024\/07\/WhatsApp-Image-2024-300x182.jpeg 300w, https:\/\/ssantalya.com.tr\/wp-content\/uploads\/2024\/07\/WhatsApp-Image-2024-768x465.jpeg 768w\" sizes=\"(max-width: 900px) 100vw, 900px\" \/><\/div><\/a>\n\t\t\t\t<div class=\"elementor-post__text\">\n\t\t\t\t<h3 class=\"elementor-post__title\">\n\t\t\t<a href=\"https:\/\/ssantalya.com.tr\/?p=2760\" >\n\t\t\t\tFiber \u0130nterent Geliyor\t\t\t<\/a>\n\t\t<\/h3>\n\t\t\t\t<div class=\"elementor-post__excerpt\">\n\t\t\t<p>Antalya T\u00fcrktelekom b\u00f6lge m\u00fcd\u00fcrl\u00fc\u011f\u00fc ile sitemize fiber internet altyap\u0131s\u0131n\u0131 getirmek i\u00e7in gerekli g\u00f6r\u00fc\u015fmeler yap\u0131ld\u0131.<\/p>\n\t\t<\/div>\n\t\t\n\t\t<a class=\"elementor-post__read-more\" href=\"https:\/\/ssantalya.com.tr\/?p=2760\" aria-label=\"Read more about Fiber \u0130nterent Geliyor\" tabindex=\"-1\" >\n\t\t\tDevam\u0131n\u0131 Oku \u00bb\t\t<\/a>\n\n\t\t\t\t<\/div>\n\t\t\t\t<div class=\"elementor-post__meta-data\">\n\t\t\t\t\t<span class=\"elementor-post-date\">\n\t\t\t23 Nisan 2024\t\t<\/span>\n\t\t\t\t<\/div>\n\t\t\t\t\t<\/div>\n\t\t<\/article>\n\t\t\t\t<\/div>\n\t\t\n\t\t\t\t\t\t<\/div>\n\t\t\t\t<\/div>\n\t\t\t\t<\/div>\n\t\t<div class=\"elementor-element elementor-element-6636fdb e-con-full e-flex e-con e-child\" data-id=\"6636fdb\" data-element_type=\"container\">\n\t\t\t\t<div class=\"elementor-element elementor-element-7b9f79f elementor-widget elementor-widget-heading\" data-id=\"7b9f79f\" data-element_type=\"widget\" data-widget_type=\"heading.default\">\n\t\t\t\t<div class=\"elementor-widget-container\">\n\t\t\t\t\t<h2 class=\"elementor-heading-title elementor-size-default\">Duyurular<\/h2>\t\t\t\t<\/div>\n\t\t\t\t<\/div>\n\t\t\t\t<div class=\"elementor-element elementor-element-59b3b68 elementor-grid-1 elementor-posts--thumbnail-none elementor-grid-tablet-2 elementor-grid-mobile-1 elementor-card-shadow-yes elementor-posts__hover-gradient elementor-widget elementor-widget-posts\" data-id=\"59b3b68\" data-element_type=\"widget\" data-settings=\"{&quot;cards_columns&quot;:&quot;1&quot;,&quot;cards_columns_tablet&quot;:&quot;2&quot;,&quot;cards_columns_mobile&quot;:&quot;1&quot;,&quot;cards_row_gap&quot;:{&quot;unit&quot;:&quot;px&quot;,&quot;size&quot;:35,&quot;sizes&quot;:[]},&quot;cards_row_gap_tablet&quot;:{&quot;unit&quot;:&quot;px&quot;,&quot;size&quot;:&quot;&quot;,&quot;sizes&quot;:[]},&quot;cards_row_gap_mobile&quot;:{&quot;unit&quot;:&quot;px&quot;,&quot;size&quot;:&quot;&quot;,&quot;sizes&quot;:[]}}\" data-widget_type=\"posts.cards\">\n\t\t\t\t<div class=\"elementor-widget-container\">\n\t\t\t\t\t\t\t<div class=\"elementor-posts-container elementor-posts elementor-posts--skin-cards elementor-grid\">\n\t\t\t\t<article class=\"elementor-post elementor-grid-item post-2771 post type-post status-publish format-standard hentry category-duyurular\">\n\t\t\t<div class=\"elementor-post__card\">\n\t\t\t\t<div class=\"elementor-post__text\">\n\t\t\t\t<h3 class=\"elementor-post__title\">\n\t\t\t<a href=\"https:\/\/ssantalya.com.tr\/?p=2771\" >\n\t\t\t\t2024 GENEL KURUL TOPLANTISI SONU\u00c7LARI\t\t\t<\/a>\n\t\t<\/h3>\n\t\t\t\t<div class=\"elementor-post__excerpt\">\n\t\t\t<p>Genel Kurul sonucunda 1 Temmuz 2024&#8217;den itibaren ge\u00e7erli olmak \u00fczere Yat\u0131r\u0131m Aidat\u0131n\u0131n ayl\u0131k 15.000(onbe\u015fbin) TL olmas\u0131na \u0130\u015fletme aidat\u0131n\u0131n ayl\u0131k 10.800 (onbinsekizy\u00fcz) TL (kdv dahil) olmas\u0131na oybirli\u011fi ile karar verildi. \u0130\u015fletme<\/p>\n\t\t<\/div>\n\t\t\n\t\t<a class=\"elementor-post__read-more\" href=\"https:\/\/ssantalya.com.tr\/?p=2771\" aria-label=\"Read more about 2024 GENEL KURUL TOPLANTISI SONU\u00c7LARI\" tabindex=\"-1\" >\n\t\t\tDevam\u0131n\u0131 Oku \u00bb\t\t<\/a>\n\n\t\t\t\t<\/div>\n\t\t\t\t<div class=\"elementor-post__meta-data\">\n\t\t\t\t\t<span class=\"elementor-post-date\">\n\t\t\t23 Nisan 2024\t\t<\/span>\n\t\t\t\t<\/div>\n\t\t\t\t\t<\/div>\n\t\t<\/article>\n\t\t\t\t<article class=\"elementor-post elementor-grid-item post-2727 post type-post status-publish format-standard hentry category-duyurular\">\n\t\t\t<div class=\"elementor-post__card\">\n\t\t\t\t<div class=\"elementor-post__text\">\n\t\t\t\t<h3 class=\"elementor-post__title\">\n\t\t\t<a href=\"https:\/\/ssantalya.com.tr\/?p=2727\" >\n\t\t\t\t2023 GENEL KURUL TOPLANTISI\t\t\t<\/a>\n\t\t<\/h3>\n\t\t\t\t<div class=\"elementor-post__excerpt\">\n\t\t\t<p>S.S. ANTALYA TOPTANCILAR B\u0130RL\u0130\u011e\u0130 TOPLU \u0130\u015eYER\u0130 YAPI VE \u0130\u015eLETME KOOPERAT\u0130F\u0130\u2019nin 2023 Hesap y\u0131l\u0131 ola\u011fan genel kurul toplant\u0131s\u0131n\u0131 yapmak \u00fczere 28\/06\/2024 tarihinde saat 14:30 da \u201cANTALYA T\u0130CARET VE SANAY\u0130 ODASI (ATSO)<\/p>\n\t\t<\/div>\n\t\t\n\t\t<a class=\"elementor-post__read-more\" href=\"https:\/\/ssantalya.com.tr\/?p=2727\" aria-label=\"Read more about 2023 GENEL KURUL TOPLANTISI\" tabindex=\"-1\" >\n\t\t\tDevam\u0131n\u0131 Oku \u00bb\t\t<\/a>\n\n\t\t\t\t<\/div>\n\t\t\t\t<div class=\"elementor-post__meta-data\">\n\t\t\t\t\t<span class=\"elementor-post-date\">\n\t\t\t14 Temmuz 2022\t\t<\/span>\n\t\t\t\t<\/div>\n\t\t\t\t\t<\/div>\n\t\t<\/article>\n\t\t\t\t<\/div>\n\t\t\n\t\t\t\t\t\t<\/div>\n\t\t\t\t<\/div>\n\t\t\t\t<\/div>\n\t\t\t\t<\/div>\n\t\t\t\t\t<\/div>\n\t\t\t\t<\/div>\n\t\t\t\t<\/div>\n\t\t","protected":false},"excerpt":{"rendered":"<p>https:\/\/ssantalya.com.tr\/wp-content\/uploads\/2024\/07\/WhatsApp-Video-2024-07-05-at-11.22.53_700.mp4 Haberler Ba\u015fkandan Duyurular<\/p>\n","protected":false},"author":1,"featured_media":0,"parent":0,"menu_order":0,"comment_status":"closed","ping_status":"closed","template":"","meta":{"site-sidebar-layout":"no-sidebar","site-content-layout":"page-builder","ast-site-content-layout":"","site-content-style":"default","site-sidebar-style":"default","ast-global-header-display":"","ast-banner-title-visibility":"","ast-main-header-display":"","ast-hfb-above-header-display":"","ast-hfb-below-header-display":"","ast-hfb-mobile-header-display":"","site-post-title":"disabled","ast-breadcrumbs-content":"","ast-featured-img":"disabled","footer-sml-layout":"","theme-transparent-header-meta":"","adv-header-id-meta":"","stick-header-meta":"","header-above-stick-meta":"","header-main-stick-meta":"","header-below-stick-meta":"","astra-migrate-meta-layouts":"default","ast-page-background-enabled":"default","ast-page-background-meta":{"desktop":{"background-color":"var(--ast-global-color-4)","background-image":"","background-repeat":"repeat","background-position":"center center","background-size":"auto","background-attachment":"scroll","background-type":"","background-media":"","overlay-type":"","overlay-color":"","overlay-opacity":"","overlay-gradient":""},"tablet":{"background-color":"","background-image":"","background-repeat":"repeat","background-position":"center center","background-size":"auto","background-attachment":"scroll","background-type":"","background-media":"","overlay-type":"","overlay-color":"","overlay-opacity":"","overlay-gradient":""},"mobile":{"background-color":"","background-image":"","background-repeat":"repeat","background-position":"center center","background-size":"auto","background-attachment":"scroll","background-type":"","background-media":"","overlay-type":"","overlay-color":"","overlay-opacity":"","overlay-gradient":""}},"ast-content-background-meta":{"desktop":{"background-color":"var(--ast-global-color-5)","background-image":"","background-repeat":"repeat","background-position":"center center","background-size":"auto","background-attachment":"scroll","background-type":"","background-media":"","overlay-type":"","overlay-color":"","overlay-opacity":"","overlay-gradient":""},"tablet":{"background-color":"var(--ast-global-color-5)","background-image":"","background-repeat":"repeat","background-position":"center center","background-size":"auto","background-attachment":"scroll","background-type":"","background-media":"","overlay-type":"","overlay-color":"","overlay-opacity":"","overlay-gradient":""},"mobile":{"background-color":"var(--ast-global-color-5)","background-image":"","background-repeat":"repeat","background-position":"center center","background-size":"auto","background-attachment":"scroll","background-type":"","background-media":"","overlay-type":"","overlay-color":"","overlay-opacity":"","overlay-gradient":""}},"footnotes":""},"class_list":["post-270","page","type-page","status-publish","hentry"],"_links":{"self":[{"href":"https:\/\/ssantalya.com.tr\/index.php?rest_route=\/wp\/v2\/pages\/270","targetHints":{"allow":["GET"]}}],"collection":[{"href":"https:\/\/ssantalya.com.tr\/index.php?rest_route=\/wp\/v2\/pages"}],"about":[{"href":"https:\/\/ssantalya.com.tr\/index.php?rest_route=\/wp\/v2\/types\/page"}],"author":[{"embeddable":true,"href":"https:\/\/ssantalya.com.tr\/index.php?rest_route=\/wp\/v2\/users\/1"}],"replies":[{"embeddable":true,"href":"https:\/\/ssantalya.com.tr\/index.php?rest_route=%2Fwp%2Fv2%2Fcomments&post=270"}],"version-history":[{"count":85,"href":"https:\/\/ssantalya.com.tr\/index.php?rest_route=\/wp\/v2\/pages\/270\/revisions"}],"predecessor-version":[{"id":3364,"href":"https:\/\/ssantalya.com.tr\/index.php?rest_route=\/wp\/v2\/pages\/270\/revisions\/3364"}],"wp:attachment":[{"href":"https:\/\/ssantalya.com.tr\/index.php?rest_route=%2Fwp%2Fv2%2Fmedia&parent=270"}],"curies":[{"name":"wp","href":"https:\/\/api.w.org\/{rel}","templated":true}]}}