{"id":2855,"date":"2024-04-25T12:12:03","date_gmt":"2024-04-25T09:12:03","guid":{"rendered":"https:\/\/www.ssantalya.com.tr\/?page_id=2855"},"modified":"2024-07-26T23:01:34","modified_gmt":"2024-07-26T20:01:34","slug":"hakkimizda","status":"publish","type":"page","link":"https:\/\/ssantalya.com.tr\/?page_id=2855","title":{"rendered":"Hakk\u0131m\u0131zda"},"content":{"rendered":"\t\t<div data-elementor-type=\"wp-page\" data-elementor-id=\"2855\" class=\"elementor elementor-2855\" data-elementor-post-type=\"page\">\n\t\t\t\t\t\t<section class=\"elementor-section elementor-top-section elementor-element elementor-element-af183ce elementor-section-height-min-height elementor-section-boxed elementor-section-height-default elementor-section-items-middle\" data-id=\"af183ce\" data-element_type=\"section\" data-settings=\"{&quot;background_background&quot;:&quot;classic&quot;}\">\n\t\t\t\t\t\t\t<div class=\"elementor-background-overlay\"><\/div>\n\t\t\t\t\t\t\t<div class=\"elementor-container elementor-column-gap-no\">\n\t\t\t\t\t<div class=\"elementor-column elementor-col-100 elementor-top-column elementor-element elementor-element-0137285\" data-id=\"0137285\" data-element_type=\"column\">\n\t\t\t<div class=\"elementor-widget-wrap elementor-element-populated\">\n\t\t\t\t\t\t<div class=\"elementor-element elementor-element-9086dc7 elementor-widget elementor-widget-heading\" data-id=\"9086dc7\" data-element_type=\"widget\" data-widget_type=\"heading.default\">\n\t\t\t\t<div class=\"elementor-widget-container\">\n\t\t\t\t\t<h1 class=\"elementor-heading-title elementor-size-default\">Hakk\u0131m\u0131zda<\/h1>\t\t\t\t<\/div>\n\t\t\t\t<\/div>\n\t\t\t\t\t<\/div>\n\t\t<\/div>\n\t\t\t\t\t<\/div>\n\t\t<\/section>\n\t\t\t\t<section class=\"elementor-section elementor-top-section elementor-element elementor-element-b02c127 elementor-section-boxed elementor-section-height-default elementor-section-height-default\" data-id=\"b02c127\" data-element_type=\"section\">\n\t\t\t\t\t\t<div class=\"elementor-container elementor-column-gap-no\">\n\t\t\t\t\t<div class=\"elementor-column elementor-col-100 elementor-top-column elementor-element elementor-element-b208b12\" data-id=\"b208b12\" data-element_type=\"column\">\n\t\t\t<div class=\"elementor-widget-wrap elementor-element-populated\">\n\t\t\t\t\t\t<div class=\"elementor-element elementor-element-44254e4 elementor-widget elementor-widget-heading\" data-id=\"44254e4\" data-element_type=\"widget\" data-widget_type=\"heading.default\">\n\t\t\t\t<div class=\"elementor-widget-container\">\n\t\t\t\t\t<h3 class=\"elementor-heading-title elementor-size-default\">ANTALYA S.S. TOPTANCILAR B\u0130RL\u0130\u011e\u0130 TOPLU \u0130\u015eYER\u0130 YAPI VE \u0130\u015eLETME KOOPERAT\u0130F\u0130 <\/h3>\t\t\t\t<\/div>\n\t\t\t\t<\/div>\n\t\t\t\t<section class=\"elementor-section elementor-inner-section elementor-element elementor-element-bb45145 elementor-section-boxed elementor-section-height-default elementor-section-height-default\" data-id=\"bb45145\" data-element_type=\"section\">\n\t\t\t\t\t\t<div class=\"elementor-container elementor-column-gap-no\">\n\t\t\t\t\t<div class=\"elementor-column elementor-col-50 elementor-inner-column elementor-element elementor-element-d0d2ba5\" data-id=\"d0d2ba5\" data-element_type=\"column\">\n\t\t\t<div class=\"elementor-widget-wrap elementor-element-populated\">\n\t\t\t\t\t\t<div class=\"elementor-element elementor-element-c9f4674 elementor-widget elementor-widget-heading\" data-id=\"c9f4674\" data-element_type=\"widget\" data-widget_type=\"heading.default\">\n\t\t\t\t<div class=\"elementor-widget-container\">\n\t\t\t\t\t<h6 class=\"elementor-heading-title elementor-size-default\">Hakk\u0131m\u0131zda<\/h6>\t\t\t\t<\/div>\n\t\t\t\t<\/div>\n\t\t\t\t\t<\/div>\n\t\t<\/div>\n\t\t\t\t<div class=\"elementor-column elementor-col-50 elementor-inner-column elementor-element elementor-element-53a7109\" data-id=\"53a7109\" data-element_type=\"column\">\n\t\t\t<div class=\"elementor-widget-wrap elementor-element-populated\">\n\t\t\t\t\t\t<div class=\"elementor-element elementor-element-b870de4 elementor-widget elementor-widget-heading\" data-id=\"b870de4\" data-element_type=\"widget\" data-widget_type=\"heading.default\">\n\t\t\t\t<div class=\"elementor-widget-container\">\n\t\t\t\t\t<h4 class=\"elementor-heading-title elementor-size-default\">\u0130ST\u0130HDAM-\u00dcRET\u0130M-DEPOLAMA-\u0130HRACAT VAD\u0130S\u0130<\/h4>\t\t\t\t<\/div>\n\t\t\t\t<\/div>\n\t\t\t\t<div class=\"elementor-element elementor-element-d6ce007 elementor-widget elementor-widget-text-editor\" data-id=\"d6ce007\" data-element_type=\"widget\" data-widget_type=\"text-editor.default\">\n\t\t\t\t<div class=\"elementor-widget-container\">\n\t\t\t\t\t\t\t\t\t<p>\u201cToptanc\u0131lar Birli\u011fi Projesi\u201d 1993 y\u0131l\u0131nda, Antalya Valili\u011fi, Antalya B\u00fcy\u00fck\u015fehir Belediyesi, Antalya Ticaret ve Sanayi Odas\u0131, Antalya Sanayici ve \u0130\u015fadamlar\u0131 Derne\u011fi\u2019nin ortak giri\u015fimi ile hayata ge\u00e7irilmi\u015ftir.<\/p><p>Proje ile, halen \u015fehrin muhtelif yerlerinde \u00e7ok tesad\u00fcfi ve bazen de ilkel \u015fartlarda faaliyet g\u00f6steren toptanc\u0131lar\u0131n \u015fehirde yaratt\u0131\u011f\u0131; g\u00f6rsel kirlilik, .trafik s\u0131k\u0131\u015f\u0131kl\u0131\u011f\u0131 ve sa\u011fl\u0131ks\u0131z \u015fartlarda yap\u0131lan, \u00f6zellikle de insan sa\u011fl\u0131\u011f\u0131n\u0131 yak\u0131ndan ilgilendiren g\u0131da maddeleri depolamas\u0131 olumsuzluklar\u0131na son verilecektir. ayr\u0131ca her sekt\u00f6rden toptanc\u0131n\u0131n modem ve d\u00fczenli bir sitede bir araya gelmesi, ticarette rekabet ko\u015fullar\u0131n\u0131n e\u015fitlenmesini sa\u011flayacak, pazarlama kolayl\u0131\u011f\u0131 getirecek ve t\u00fcketicinin her t\u00fcrl\u00fc ihtiya\u00e7 maddelerine daha kolay ula\u015fmas\u0131 sa\u011flanacakt\u0131r.<\/p><p>Proje, Antalya ile ticari ili\u015fkisi olan b\u00fcy\u00fck pazarlama \u015firketleri ve fabrikalar\u0131n depolama ve da\u011f\u0131t\u0131m merkezi ihtiya\u00e7lar\u0131m da kar\u015f\u0131layacakt\u0131r. Kooperatif, D\u00fcnya kenti ve turizmin g\u00f6zbebe\u011fi Antalya\u2019y\u0131 toptanc\u0131lar\u0131n getirdi\u011fi ve getirece\u011fi olumsuzluklardan korumak, \u015fehrin hak etmedi\u011fi kadar k\u00f6t\u00fc olan altyap\u0131 bozukluklar\u0131ndan kurtulmas\u0131na katk\u0131da bulunulmak i\u00e7in, Antalya\u2019n\u0131n ticaretine ve y\u00f6netimine y\u00f6n verenlerin i\u015fbirli\u011fi ile kurulmu\u015ftur.<\/p><p>Proje alan\u0131, Antalya\u2019y\u0131 \u0130\u00e7 Anadolu ve Marmara\u2019ya ba\u011flayan Antalya \u2013 Burdur karayolu \u00fczerinde, Antalya Organize Sanayi B\u00f6lgesi biti\u015fi\u011findedir. Silenin hemen yan\u0131nda Antalya\u2019n\u0131n 2. hava alan\u0131 olan Karain Hava alan\u0131 hizmete girmi\u015ftir. Antalya\u2019n\u0131n yeni yap\u0131lan imar plan\u0131nda , proje alan\u0131 biti\u015fi\u011finde Olimpiyat K\u00f6y\u00fc \u00f6ng\u00f6r\u00fclm\u00fc\u015ft\u00fcr. Yeni yerle\u015fim alan\u0131 olan 5000 konutluk Kuzeykent Projesi de bu b\u00f6lgededir. Projenin bulundu\u011fu b\u00f6lge, sanayi alan\u0131 olman\u0131n yan\u0131nda Antalya\u2019n\u0131n yeni geli\u015fme alan\u0131 olarak planlanm\u0131\u015ft\u0131r.<\/p><p>Proje \u2018alan\u0131na; her biri 540 m2 kapak taban alan\u0131 olan, 9 m y\u00fcksekli\u011fe sahip ve \u00f6n\u00fcnde 400 m2 a\u00e7\u0131k alan\u0131 bulunan 439 i\u015fyeri yap\u0131lacakt\u0131r. Ayr\u0131ca proje alan\u0131 i\u00e7inde; sosyal tesis alanlar\u0131, ticaret alanlar\u0131, cami, karakol, spor tesisleri alanlar\u0131, nakliyeciler ve kamyon garaj\u0131 ve antrepo alanlar\u0131 bulunmaktad\u0131r. Kooperatif taraf\u0131ndan in\u015fa edilecektir. Kooperatifimize \u00f6ncelikle Antalya \u2013 Burdur \u2013 Isparta ve Afyon illerinde faaliyet g\u00f6steren toptanc\u0131lar ortak olarak al\u0131nm\u0131\u015ft\u0131r. Daha sonra Marmara B\u00f6lgesi olmak \u00fczere \u0130stanbul esnaf\u0131 da kooperatife ortak edilerek, Antalya ile toptan ticaret ili\u015fkisi olan fabrikalar\u0131n da kooperatife ortak olmas\u0131 d\u00fc\u015f\u00fcn\u00fclmektedir.<\/p><p>Kooperatifimizin ba\u015fta; g\u0131da, otel donan\u0131m\u0131, beyaz e\u015fya, mefru\u015fat, tuhafiye, tekstil, elektrik, otomotiv, s\u0131hhi tesisat, z\u00fcccaciye, ka\u011f\u0131t, \u0131triyat, h\u0131rdavat, b\u00fcro donan\u0131m\u0131, cam, demir \u2013 sa\u00e7, taran, in\u015faat malzemeleri, plastik, serac\u0131l\u0131k, mobilya, pazarlama olmak \u00fczere muhtelif sekt\u00f6rlerde faaliyet g\u00f6steren 290 orta\u011f\u0131 bulunmakta#. Genel kurul karan do\u011frultusunda ortak al\u0131nmaya devam edilmektedir.<\/p><p>Kooperatifimiz tek sekt\u00f6r\u00fc b\u00fcnyesinde toplayan klasik bir kooperatif de\u011fildir. Kurulu\u015fundan\u2019 ba\u015flayarak, amac\u0131n\u0131 do\u011fru tespit etmi\u015f, ki\u015filerin ihtiyac\u0131ndan \u00e7ok ya\u015fanan ilin sorun ve ihtiya\u00e7lar\u0131ndan yola \u00e7\u0131karak hayata ge\u00e7mi\u015f; imar plan\u0131ndan vaziyet plan\u0131na, mimari tasar\u0131mdan i\u015fyerinin kullan\u0131m amac\u0131na ve en \u00f6nemlisi de, \u00f6ncelikle altyap\u0131ya \u00f6zel \u00f6nem vererek projesini hapta ge\u00e7irmeyi ama\u00e7layan bir kurulu\u015ftur.<\/p><p>Proje, g\u00fcn\u00fc kurtarmaya y\u00f6nelik de\u011fildir, D\u00fcnya standartlar\u0131nda d\u00fc\u015f\u00fcn\u00fclm\u00fc\u015f ve planlanm\u0131\u015ft\u0131r, Antalya\u2019n\u0131n en \u00f6nemli ve tek ba\u015f\u0131na en b\u00fcy\u00fck projelerinden biridir.<\/p>\t\t\t\t\t\t\t\t<\/div>\n\t\t\t\t<\/div>\n\t\t\t\t\t<\/div>\n\t\t<\/div>\n\t\t\t\t\t<\/div>\n\t\t<\/section>\n\t\t\t\t\t<\/div>\n\t\t<\/div>\n\t\t\t\t\t<\/div>\n\t\t<\/section>\n\t\t\t\t<\/div>\n\t\t","protected":false},"excerpt":{"rendered":"<p>Hakk\u0131m\u0131zda ANTALYA S.S. TOPTANCILAR B\u0130RL\u0130\u011e\u0130 TOPLU \u0130\u015eYER\u0130 YAPI VE \u0130\u015eLETME KOOPERAT\u0130F\u0130 Hakk\u0131m\u0131zda \u0130ST\u0130HDAM-\u00dcRET\u0130M-DEPOLAMA-\u0130HRACAT VAD\u0130S\u0130 \u201cToptanc\u0131lar Birli\u011fi Projesi\u201d 1993 y\u0131l\u0131nda, Antalya Valili\u011fi, Antalya B\u00fcy\u00fck\u015fehir Belediyesi, Antalya Ticaret ve Sanayi Odas\u0131, Antalya Sanayici ve \u0130\u015fadamlar\u0131 Derne\u011fi\u2019nin ortak giri\u015fimi ile hayata ge\u00e7irilmi\u015ftir. Proje ile, halen \u015fehrin muhtelif yerlerinde \u00e7ok tesad\u00fcfi ve bazen de ilkel \u015fartlarda faaliyet g\u00f6steren toptanc\u0131lar\u0131n [&hellip;]<\/p>\n","protected":false},"author":1,"featured_media":0,"parent":0,"menu_order":0,"comment_status":"closed","ping_status":"closed","template":"","meta":{"site-sidebar-layout":"no-sidebar","site-content-layout":"page-builder","ast-site-content-layout":"","site-content-style":"default","site-sidebar-style":"default","ast-global-header-display":"","ast-banner-title-visibility":"","ast-main-header-display":"","ast-hfb-above-header-display":"","ast-hfb-below-header-display":"","ast-hfb-mobile-header-display":"","site-post-title":"disabled","ast-breadcrumbs-content":"","ast-featured-img":"","footer-sml-layout":"","theme-transparent-header-meta":"","adv-header-id-meta":"","stick-header-meta":"","header-above-stick-meta":"","header-main-stick-meta":"","header-below-stick-meta":"","astra-migrate-meta-layouts":"default","ast-page-background-enabled":"default","ast-page-background-meta":{"desktop":{"background-color":"var(--ast-global-color-4)","background-image":"","background-repeat":"repeat","background-position":"center center","background-size":"auto","background-attachment":"scroll","background-type":"","background-media":"","overlay-type":"","overlay-color":"","overlay-opacity":"","overlay-gradient":""},"tablet":{"background-color":"","background-image":"","background-repeat":"repeat","background-position":"center center","background-size":"auto","background-attachment":"scroll","background-type":"","background-media":"","overlay-type":"","overlay-color":"","overlay-opacity":"","overlay-gradient":""},"mobile":{"background-color":"","background-image":"","background-repeat":"repeat","background-position":"center center","background-size":"auto","background-attachment":"scroll","background-type":"","background-media":"","overlay-type":"","overlay-color":"","overlay-opacity":"","overlay-gradient":""}},"ast-content-background-meta":{"desktop":{"background-color":"var(--ast-global-color-5)","background-image":"","background-repeat":"repeat","background-position":"center center","background-size":"auto","background-attachment":"scroll","background-type":"","background-media":"","overlay-type":"","overlay-color":"","overlay-opacity":"","overlay-gradient":""},"tablet":{"background-color":"var(--ast-global-color-5)","background-image":"","background-repeat":"repeat","background-position":"center center","background-size":"auto","background-attachment":"scroll","background-type":"","background-media":"","overlay-type":"","overlay-color":"","overlay-opacity":"","overlay-gradient":""},"mobile":{"background-color":"var(--ast-global-color-5)","background-image":"","background-repeat":"repeat","background-position":"center center","background-size":"auto","background-attachment":"scroll","background-type":"","background-media":"","overlay-type":"","overlay-color":"","overlay-opacity":"","overlay-gradient":""}},"footnotes":""},"class_list":["post-2855","page","type-page","status-publish","hentry"],"_links":{"self":[{"href":"https:\/\/ssantalya.com.tr\/index.php?rest_route=\/wp\/v2\/pages\/2855","targetHints":{"allow":["GET"]}}],"collection":[{"href":"https:\/\/ssantalya.com.tr\/index.php?rest_route=\/wp\/v2\/pages"}],"about":[{"href":"https:\/\/ssantalya.com.tr\/index.php?rest_route=\/wp\/v2\/types\/page"}],"author":[{"embeddable":true,"href":"https:\/\/ssantalya.com.tr\/index.php?rest_route=\/wp\/v2\/users\/1"}],"replies":[{"embeddable":true,"href":"https:\/\/ssantalya.com.tr\/index.php?rest_route=%2Fwp%2Fv2%2Fcomments&post=2855"}],"version-history":[{"count":11,"href":"https:\/\/ssantalya.com.tr\/index.php?rest_route=\/wp\/v2\/pages\/2855\/revisions"}],"predecessor-version":[{"id":3456,"href":"https:\/\/ssantalya.com.tr\/index.php?rest_route=\/wp\/v2\/pages\/2855\/revisions\/3456"}],"wp:attachment":[{"href":"https:\/\/ssantalya.com.tr\/index.php?rest_route=%2Fwp%2Fv2%2Fmedia&parent=2855"}],"curies":[{"name":"wp","href":"https:\/\/api.w.org\/{rel}","templated":true}]}}